{"id":67,"date":"2025-08-26T22:13:08","date_gmt":"2025-08-26T20:13:08","guid":{"rendered":"https:\/\/basilicadelpilar.com\/de\/?page_id=67"},"modified":"2025-08-26T22:13:08","modified_gmt":"2025-08-26T20:13:08","slug":"vorstellungsschreiben","status":"publish","type":"page","link":"https:\/\/basilicadelpilar.com\/de\/vorstellungsschreiben\/","title":{"rendered":"Vorstellungsschreiben"},"content":{"rendered":"\n<p>Liebe Br\u00fcder und Freunde im Glauben,<\/p>\n\n\n\n<p>Mit gro\u00dfer Freude hei\u00dfen wir euch willkommen auf <strong>basilicadelpilar.com<\/strong>, einem Raum, der aus der tiefen Liebe zur <strong>Allerheiligsten Jungfrau vom Pfeiler<\/strong> und zu ihrer Heiligen Basilika entstanden ist \u2013 einem Leuchtturm des Glaubens f\u00fcr Millionen von Pilgern im Laufe der Jahrhunderte.<\/p>\n\n\n\n<p>Diese Seite m\u00f6chte weit mehr sein als nur ein Ort der Information: Sie m\u00f6chte <strong>ein digitales Zuhause<\/strong> sein, in dem alle Verehrer der Muttergottes vom Pfeiler Licht, Inspiration und Gemeinschaft finden k\u00f6nnen. Hier werden wir Geschichte, Kunst, Fr\u00f6mmigkeit, Gebete, Zeugnisse und all das teilen, was den Pfeiler nicht nur zu einem Tempel, sondern zu einem wahren <strong>geistlichen Herzen des hispanischen Christentums<\/strong> macht.<\/p>\n\n\n\n<p>Die Basilika vom Pfeiler geh\u00f6rt nicht uns, sondern der ganzen Kirche und dem gesamten gl\u00e4ubigen Volk, das sich von Generation zu Generation mit Hoffnung, Dankbarkeit und Liebe an Sie gewandt hat. Deshalb ist unser einziges Ziel, zu dienen, bekannt zu machen und \u2013 durch die digitale Welt \u2013 die Sch\u00f6nheit und den geistlichen Reichtum zu bewahren, die man zu F\u00fc\u00dfen der Jungfrau erlebt.<\/p>\n\n\n\n<p>Wir wollen gemeinsam gehen, als Kinder derselben Mutter, und den einfachen und tiefen Glauben teilen, der uns eint. M\u00f6ge jeder Besuch auf dieser Webseite wie eine kleine geistliche Wallfahrt zum Pfeiler sein, wo man innehalten, beten und sich von der m\u00fctterlichen Z\u00e4rtlichkeit Mariens umarmen lassen kann.<\/p>\n\n\n\n<p>Wir laden euch ein, diese Seiten mit offenem Herzen zu durchschreiten. Und vor allem ermutigen wir euch, die Verehrung der Muttergottes vom Pfeiler lebendig zu halten, sie euren Kindern weiterzugeben und ihr Tag f\u00fcr Tag eure Freuden und Schwierigkeiten anzuvertrauen.<\/p>\n\n\n\n<p>Mit br\u00fcderlicher Zuneigung,<br>euch der Jungfrau vom Pfeiler anbefehlen,<\/p>\n\n\n\n<p><strong>Catholicus.eu<\/strong><br>\u201eMit dem Herzen auf den Pfeiler gerichtet\u201c<\/p>\n","protected":false},"excerpt":{"rendered":"<p>Liebe Br\u00fcder und Freunde im Glauben, Mit gro\u00dfer Freude hei\u00dfen wir euch willkommen auf basilicadelpilar.com, einem Raum, der aus der tiefen Liebe zur Allerheiligsten Jungfrau vom Pfeiler und zu ihrer Heiligen Basilika entstanden ist \u2013 einem Leuchtturm des Glaubens f\u00fcr Millionen von Pilgern im Laufe der Jahrhunderte. Diese Seite m\u00f6chte weit mehr sein als nur &hellip;<\/p>\n","protected":false},"author":2,"featured_media":0,"parent":0,"menu_order":0,"comment_status":"closed","ping_status":"closed","template":"","meta":{"footnotes":""},"class_list":["post-67","page","type-page","status-publish",""],"_links":{"self":[{"href":"https:\/\/basilicadelpilar.com\/de\/wp-json\/wp\/v2\/pages\/67","targetHints":{"allow":["GET"]}}],"collection":[{"href":"https:\/\/basilicadelpilar.com\/de\/wp-json\/wp\/v2\/pages"}],"about":[{"href":"https:\/\/basilicadelpilar.com\/de\/wp-json\/wp\/v2\/types\/page"}],"author":[{"embeddable":true,"href":"https:\/\/basilicadelpilar.com\/de\/wp-json\/wp\/v2\/users\/2"}],"replies":[{"embeddable":true,"href":"https:\/\/basilicadelpilar.com\/de\/wp-json\/wp\/v2\/comments?post=67"}],"version-history":[{"count":1,"href":"https:\/\/basilicadelpilar.com\/de\/wp-json\/wp\/v2\/pages\/67\/revisions"}],"predecessor-version":[{"id":68,"href":"https:\/\/basilicadelpilar.com\/de\/wp-json\/wp\/v2\/pages\/67\/revisions\/68"}],"wp:attachment":[{"href":"https:\/\/basilicadelpilar.com\/de\/wp-json\/wp\/v2\/media?parent=67"}],"curies":[{"name":"wp","href":"https:\/\/api.w.org\/{rel}","templated":true}]}}