{"id":68,"date":"2025-08-26T22:12:39","date_gmt":"2025-08-26T20:12:39","guid":{"rendered":"https:\/\/basilicadelpilar.com\/fr\/?page_id=68"},"modified":"2025-08-26T22:12:39","modified_gmt":"2025-08-26T20:12:39","slug":"lettre-de-presentation","status":"publish","type":"page","link":"https:\/\/basilicadelpilar.com\/fr\/lettre-de-presentation\/","title":{"rendered":"Lettre de pr\u00e9sentation"},"content":{"rendered":"\n<p>Chers fr\u00e8res et amis dans la foi,<\/p>\n\n\n\n<p>C\u2019est avec une immense joie que nous vous souhaitons la bienvenue sur <strong>basilicadelpilar.com<\/strong>, un espace n\u00e9 de l\u2019amour profond pour la <strong>Tr\u00e8s Sainte Vierge du Pilier<\/strong> et pour sa Sainte Basilique, phare de foi pour des millions de p\u00e8lerins au cours des si\u00e8cles.<\/p>\n\n\n\n<p>Cette page veut \u00eatre bien plus qu\u2019un simple lieu d\u2019information : elle d\u00e9sire \u00eatre <strong>une maison num\u00e9rique<\/strong> o\u00f9 tous les d\u00e9vots de Notre-Dame du Pilier pourront trouver lumi\u00e8re, inspiration et compagnie. Ici, nous partagerons l\u2019histoire, l\u2019art, la d\u00e9votion, des pri\u00e8res, des t\u00e9moignages, et tout ce qui fait du Pilier non seulement un temple, mais un v\u00e9ritable <strong>c\u0153ur spirituel de la chr\u00e9tient\u00e9 hispanique<\/strong>.<\/p>\n\n\n\n<p>La Basilique du Pilier ne nous appartient pas, mais \u00e0 toute l\u2019\u00c9glise et \u00e0 tout le peuple fid\u00e8le qui, g\u00e9n\u00e9ration apr\u00e8s g\u00e9n\u00e9ration, s\u2019est approch\u00e9 d\u2019Elle avec esp\u00e9rance, gratitude et amour. C\u2019est pourquoi notre seul but est de servir, de faire conna\u00eetre et de pr\u00e9server \u2014 dans le monde num\u00e9rique \u2014 la beaut\u00e9 et la richesse spirituelle que l\u2019on vit aux pieds de la Vierge.<\/p>\n\n\n\n<p>Nous voulons marcher ensemble, comme des enfants d\u2019une m\u00eame M\u00e8re, en partageant la foi simple et profonde qui nous unit. Que chaque visite sur ce site soit comme un petit p\u00e8lerinage spirituel au Pilier, o\u00f9 l\u2019on peut s\u2019arr\u00eater, prier et se laisser envelopper par la tendresse maternelle de Marie.<\/p>\n\n\n\n<p>Nous vous invitons \u00e0 parcourir ces pages le c\u0153ur ouvert. Et surtout, nous vous encourageons \u00e0 garder vivante la d\u00e9votion \u00e0 Notre-Dame du Pilier, \u00e0 la transmettre \u00e0 vos enfants et \u00e0 lui confier, jour apr\u00e8s jour, vos joies et vos difficult\u00e9s.<\/p>\n\n\n\n<p>Avec toute notre affection fraternelle,<br>en vous confiant \u00e0 la Vierge du Pilier,<\/p>\n\n\n\n<p><strong>Catholicus.eu<\/strong><br>\u00ab Avec le c\u0153ur tourn\u00e9 vers le Pilier \u00bb<\/p>\n","protected":false},"excerpt":{"rendered":"<p>Chers fr\u00e8res et amis dans la foi, C\u2019est avec une immense joie que nous vous souhaitons la bienvenue sur basilicadelpilar.com, un espace n\u00e9 de l\u2019amour profond pour la Tr\u00e8s Sainte Vierge du Pilier et pour sa Sainte Basilique, phare de foi pour des millions de p\u00e8lerins au cours des si\u00e8cles. Cette page veut \u00eatre bien &hellip;<\/p>\n","protected":false},"author":2,"featured_media":0,"parent":0,"menu_order":0,"comment_status":"closed","ping_status":"closed","template":"","meta":{"footnotes":""},"class_list":["post-68","page","type-page","status-publish",""],"_links":{"self":[{"href":"https:\/\/basilicadelpilar.com\/fr\/wp-json\/wp\/v2\/pages\/68","targetHints":{"allow":["GET"]}}],"collection":[{"href":"https:\/\/basilicadelpilar.com\/fr\/wp-json\/wp\/v2\/pages"}],"about":[{"href":"https:\/\/basilicadelpilar.com\/fr\/wp-json\/wp\/v2\/types\/page"}],"author":[{"embeddable":true,"href":"https:\/\/basilicadelpilar.com\/fr\/wp-json\/wp\/v2\/users\/2"}],"replies":[{"embeddable":true,"href":"https:\/\/basilicadelpilar.com\/fr\/wp-json\/wp\/v2\/comments?post=68"}],"version-history":[{"count":1,"href":"https:\/\/basilicadelpilar.com\/fr\/wp-json\/wp\/v2\/pages\/68\/revisions"}],"predecessor-version":[{"id":69,"href":"https:\/\/basilicadelpilar.com\/fr\/wp-json\/wp\/v2\/pages\/68\/revisions\/69"}],"wp:attachment":[{"href":"https:\/\/basilicadelpilar.com\/fr\/wp-json\/wp\/v2\/media?parent=68"}],"curies":[{"name":"wp","href":"https:\/\/api.w.org\/{rel}","templated":true}]}}