{"id":68,"date":"2025-08-26T22:15:21","date_gmt":"2025-08-26T20:15:21","guid":{"rendered":"https:\/\/basilicadelpilar.com\/pt\/?page_id=68"},"modified":"2025-08-26T22:15:22","modified_gmt":"2025-08-26T20:15:22","slug":"carta-de-apresentacao","status":"publish","type":"page","link":"https:\/\/basilicadelpilar.com\/pt\/carta-de-apresentacao\/","title":{"rendered":"Carta de apresenta\u00e7\u00e3o"},"content":{"rendered":"\n<p>Queridos irm\u00e3os e amigos na f\u00e9,<\/p>\n\n\n\n<p>Com imensa alegria damos-vos as boas-vindas a <strong>basilicadelpilar.com<\/strong>, um espa\u00e7o nascido do profundo amor pela <strong>Sant\u00edssima Virgem do Pilar<\/strong> e pela sua Santa Bas\u00edlica, farol de f\u00e9 para milh\u00f5es de peregrinos ao longo dos s\u00e9culos.<\/p>\n\n\n\n<p>Esta p\u00e1gina quer ser muito mais do que um simples local de informa\u00e7\u00e3o: deseja ser <strong>um lar digital<\/strong> onde todos os devotos de Nossa Senhora do Pilar possam encontrar luz, inspira\u00e7\u00e3o e companhia. Aqui partilharemos hist\u00f3ria, arte, devo\u00e7\u00e3o, ora\u00e7\u00f5es, testemunhos e tudo aquilo que faz do Pilar n\u00e3o apenas um templo, mas um verdadeiro <strong>cora\u00e7\u00e3o espiritual da cristandade hisp\u00e2nica<\/strong>.<\/p>\n\n\n\n<p>A Bas\u00edlica do Pilar n\u00e3o nos pertence, mas a toda a Igreja e a todo o povo fiel que, gera\u00e7\u00e3o ap\u00f3s gera\u00e7\u00e3o, se aproximou d\u2019Ela com esperan\u00e7a, gratid\u00e3o e amor. Por isso, o nosso \u00fanico prop\u00f3sito \u00e9 servir, dar a conhecer e guardar \u2014 atrav\u00e9s do mundo digital \u2014 a beleza e a riqueza espiritual que se vive aos p\u00e9s da Virgem.<\/p>\n\n\n\n<p>Queremos caminhar juntos, como filhos de uma mesma M\u00e3e, partilhando a f\u00e9 simples e profunda que nos une. Que cada visita a este site seja como uma pequena peregrina\u00e7\u00e3o espiritual ao Pilar, onde se possa parar, rezar e deixar-se abra\u00e7ar pela ternura materna de Maria.<\/p>\n\n\n\n<p>Convidamo-vos a percorrer estas p\u00e1ginas de cora\u00e7\u00e3o aberto. E, sobretudo, encorajamos-vos a manter viva a devo\u00e7\u00e3o a Nossa Senhora do Pilar, a transmiti-la aos vossos filhos e a confiar-Lhe, dia ap\u00f3s dia, as vossas alegrias e dificuldades.<\/p>\n\n\n\n<p>Com todo o afeto fraterno,<br>confiando-vos \u00e0 Virgem do Pilar,<\/p>\n\n\n\n<p><strong>Catholicus.eu<\/strong><br>\u00ab Com o cora\u00e7\u00e3o voltado para o Pilar \u00bb<\/p>\n","protected":false},"excerpt":{"rendered":"<p>Queridos irm\u00e3os e amigos na f\u00e9, Com imensa alegria damos-vos as boas-vindas a basilicadelpilar.com, um espa\u00e7o nascido do profundo amor pela Sant\u00edssima Virgem do Pilar e pela sua Santa Bas\u00edlica, farol de f\u00e9 para milh\u00f5es de peregrinos ao longo dos s\u00e9culos. Esta p\u00e1gina quer ser muito mais do que um simples local de informa\u00e7\u00e3o: deseja &hellip;<\/p>\n","protected":false},"author":2,"featured_media":51,"parent":0,"menu_order":0,"comment_status":"closed","ping_status":"closed","template":"","meta":{"footnotes":""},"class_list":["post-68","page","type-page","status-publish","has-post-thumbnail",""],"_links":{"self":[{"href":"https:\/\/basilicadelpilar.com\/pt\/wp-json\/wp\/v2\/pages\/68","targetHints":{"allow":["GET"]}}],"collection":[{"href":"https:\/\/basilicadelpilar.com\/pt\/wp-json\/wp\/v2\/pages"}],"about":[{"href":"https:\/\/basilicadelpilar.com\/pt\/wp-json\/wp\/v2\/types\/page"}],"author":[{"embeddable":true,"href":"https:\/\/basilicadelpilar.com\/pt\/wp-json\/wp\/v2\/users\/2"}],"replies":[{"embeddable":true,"href":"https:\/\/basilicadelpilar.com\/pt\/wp-json\/wp\/v2\/comments?post=68"}],"version-history":[{"count":1,"href":"https:\/\/basilicadelpilar.com\/pt\/wp-json\/wp\/v2\/pages\/68\/revisions"}],"predecessor-version":[{"id":69,"href":"https:\/\/basilicadelpilar.com\/pt\/wp-json\/wp\/v2\/pages\/68\/revisions\/69"}],"wp:featuredmedia":[{"embeddable":true,"href":"https:\/\/basilicadelpilar.com\/pt\/wp-json\/wp\/v2\/media\/51"}],"wp:attachment":[{"href":"https:\/\/basilicadelpilar.com\/pt\/wp-json\/wp\/v2\/media?parent=68"}],"curies":[{"name":"wp","href":"https:\/\/api.w.org\/{rel}","templated":true}]}}